{"id":280,"date":"2025-02-26T13:57:11","date_gmt":"2025-02-26T12:57:11","guid":{"rendered":"https:\/\/beenergyconnect.fr\/?page_id=280"},"modified":"2025-02-26T13:57:11","modified_gmt":"2025-02-26T12:57:11","slug":"nous-recrutons","status":"publish","type":"page","link":"https:\/\/beenergyconnect.fr\/index.php\/nous-recrutons\/","title":{"rendered":"Nous recrutons !"},"content":{"rendered":"\n<figure class=\"wp-block-gallery has-nested-images columns-default is-cropped wp-block-gallery-2 is-layout-flex wp-block-gallery-is-layout-flex\">\n<figure class=\"wp-block-image size-large wp-duotone-unset-1\"><img loading=\"lazy\" decoding=\"async\" width=\"612\" height=\"408\" data-id=\"269\" src=\"https:\/\/beenergyconnect.fr\/wp-content\/uploads\/2025\/02\/contrat.jpg\" alt=\"\" class=\"wp-image-269\" srcset=\"https:\/\/beenergyconnect.fr\/wp-content\/uploads\/2025\/02\/contrat.jpg 612w, https:\/\/beenergyconnect.fr\/wp-content\/uploads\/2025\/02\/contrat-300x200.jpg 300w\" sizes=\"auto, (max-width: 612px) 100vw, 612px\" \/><figcaption class=\"wp-element-caption\">BE ENERGY CONNECT cherche \u00e0 pourvoir deux postes !!<\/figcaption><\/figure>\n<\/figure>\n\n\n\n<p>Vous \u00eates \u00e9lectricien, \u00e9lectro-technicien ou en reconversion professionnelle et vous poss\u00e9dez le permis B ??<\/p>\n\n\n\n<p> Votre profil nous int\u00e9resse! Passez directement nous voir sur Avignon dans nos locaux au 178 rue de l&rsquo;Aulani\u00e8re 84000 AVIGNON.<\/p>\n\n\n\n<p>Nous vous pr\u00e9senterons nos locaux et notre \u00e9quipe dynamique!<\/p>\n\n\n\n<figure class=\"wp-block-image size-large wp-duotone-unset-3\"><img loading=\"lazy\" decoding=\"async\" width=\"1024\" height=\"768\" src=\"https:\/\/beenergyconnect.fr\/wp-content\/uploads\/2025\/02\/IMG_0403-1024x768.jpg\" alt=\"\" class=\"wp-image-270\" srcset=\"https:\/\/beenergyconnect.fr\/wp-content\/uploads\/2025\/02\/IMG_0403-1024x768.jpg 1024w, https:\/\/beenergyconnect.fr\/wp-content\/uploads\/2025\/02\/IMG_0403-300x225.jpg 300w, https:\/\/beenergyconnect.fr\/wp-content\/uploads\/2025\/02\/IMG_0403-768x576.jpg 768w, https:\/\/beenergyconnect.fr\/wp-content\/uploads\/2025\/02\/IMG_0403-1536x1152.jpg 1536w, https:\/\/beenergyconnect.fr\/wp-content\/uploads\/2025\/02\/IMG_0403-2048x1536.jpg 2048w\" sizes=\"auto, (max-width: 1024px) 100vw, 1024px\" \/><\/figure>\n\n\n\n<p>Un poste de charg\u00e9 d&rsquo;affaire dans les bureaux est \u00e9galement \u00e0 pourvoir!<\/p>\n\n\n\n<p>Vous avez la fibre du commerce et souhaitez vous investir dans le d\u00e9veloppement de l&rsquo;entreprise?<\/p>\n\n\n\n<p><\/p>\n\n\n\n<p><\/p>\n\n\n\n<p><\/p>\n\n\n\n<p>\u00catre technicien chez BE ENERGY CONNECT c&rsquo;est allier confort sur les chantiers et dans notre atelier ! Pr\u00e9parez les commandes pour les particuliers, effectuez le meilleur de vous-m\u00eame et vous serez r\u00e9compens\u00e9 !<\/p>\n\n\n\n<figure class=\"wp-block-gallery has-nested-images columns-default is-cropped wp-block-gallery-6 is-layout-flex wp-block-gallery-is-layout-flex\">\n<figure class=\"wp-block-image size-large wp-duotone-unset-4\"><img loading=\"lazy\" decoding=\"async\" width=\"768\" height=\"1024\" data-id=\"271\" src=\"https:\/\/beenergyconnect.fr\/wp-content\/uploads\/2025\/02\/IMG_0404-768x1024.jpg\" alt=\"\n\" class=\"wp-image-271\" srcset=\"https:\/\/beenergyconnect.fr\/wp-content\/uploads\/2025\/02\/IMG_0404-768x1024.jpg 768w, https:\/\/beenergyconnect.fr\/wp-content\/uploads\/2025\/02\/IMG_0404-225x300.jpg 225w, https:\/\/beenergyconnect.fr\/wp-content\/uploads\/2025\/02\/IMG_0404-1152x1536.jpg 1152w, https:\/\/beenergyconnect.fr\/wp-content\/uploads\/2025\/02\/IMG_0404-1536x2048.jpg 1536w, https:\/\/beenergyconnect.fr\/wp-content\/uploads\/2025\/02\/IMG_0404-scaled.jpg 1920w\" sizes=\"auto, (max-width: 768px) 100vw, 768px\" \/><figcaption class=\"wp-element-caption\">Venez partager l&rsquo;atelier avec l&rsquo;\u00e9quipe de BE ENERGY sp\u00e9cialistes des traitements de batteries, mais pas que !!<\/figcaption><\/figure>\n\n\n\n<figure class=\"wp-block-image size-large wp-duotone-unset-5\"><img loading=\"lazy\" decoding=\"async\" width=\"461\" height=\"1024\" data-id=\"272\" src=\"https:\/\/beenergyconnect.fr\/wp-content\/uploads\/2025\/02\/IMG_0135-461x1024.jpg\" alt=\"\" class=\"wp-image-272\" srcset=\"https:\/\/beenergyconnect.fr\/wp-content\/uploads\/2025\/02\/IMG_0135-461x1024.jpg 461w, https:\/\/beenergyconnect.fr\/wp-content\/uploads\/2025\/02\/IMG_0135-135x300.jpg 135w, https:\/\/beenergyconnect.fr\/wp-content\/uploads\/2025\/02\/IMG_0135-692x1536.jpg 692w, https:\/\/beenergyconnect.fr\/wp-content\/uploads\/2025\/02\/IMG_0135.jpg 721w\" sizes=\"auto, (max-width: 461px) 100vw, 461px\" \/><figcaption class=\"wp-element-caption\">Mettez vos comp\u00e9tences au service de l&rsquo;entreprise pour un travail soign\u00e9 et reconnu !!<\/figcaption><\/figure>\n<\/figure>\n\n\n\n<p><\/p>\n","protected":false},"excerpt":{"rendered":"<p>Vous \u00eates \u00e9lectricien, \u00e9lectro-technicien ou en reconversion professionnelle et vous poss\u00e9dez le permis B ?? Votre profil nous int\u00e9resse! Passez directement nous voir sur Avignon dans nos locaux au 178 rue de l&rsquo;Aulani\u00e8re 84000 AVIGNON. Nous vous pr\u00e9senterons nos locaux et notre \u00e9quipe dynamique! Un poste de charg\u00e9 d&rsquo;affaire dans les bureaux est \u00e9galement \u00e0 [&hellip;]<\/p>\n","protected":false},"author":2,"featured_media":0,"parent":0,"menu_order":0,"comment_status":"closed","ping_status":"closed","template":"","meta":{"footnotes":""},"class_list":["post-280","page","type-page","status-publish","hentry"],"_links":{"self":[{"href":"https:\/\/beenergyconnect.fr\/index.php\/wp-json\/wp\/v2\/pages\/280","targetHints":{"allow":["GET"]}}],"collection":[{"href":"https:\/\/beenergyconnect.fr\/index.php\/wp-json\/wp\/v2\/pages"}],"about":[{"href":"https:\/\/beenergyconnect.fr\/index.php\/wp-json\/wp\/v2\/types\/page"}],"author":[{"embeddable":true,"href":"https:\/\/beenergyconnect.fr\/index.php\/wp-json\/wp\/v2\/users\/2"}],"replies":[{"embeddable":true,"href":"https:\/\/beenergyconnect.fr\/index.php\/wp-json\/wp\/v2\/comments?post=280"}],"version-history":[{"count":1,"href":"https:\/\/beenergyconnect.fr\/index.php\/wp-json\/wp\/v2\/pages\/280\/revisions"}],"predecessor-version":[{"id":282,"href":"https:\/\/beenergyconnect.fr\/index.php\/wp-json\/wp\/v2\/pages\/280\/revisions\/282"}],"wp:attachment":[{"href":"https:\/\/beenergyconnect.fr\/index.php\/wp-json\/wp\/v2\/media?parent=280"}],"curies":[{"name":"wp","href":"https:\/\/api.w.org\/{rel}","templated":true}]}}