{"id":15,"date":"2025-02-12T08:07:04","date_gmt":"2025-02-12T07:07:04","guid":{"rendered":"https:\/\/beenergyconnect.fr\/?page_id=15"},"modified":"2025-05-09T11:15:35","modified_gmt":"2025-05-09T09:15:35","slug":"a-propos-de-nous","status":"publish","type":"page","link":"https:\/\/beenergyconnect.fr\/index.php\/a-propos-de-nous\/","title":{"rendered":"\u00c0 propos de nous"},"content":{"rendered":"\n<div class=\"wp-block-group alignfull has-accent-background-color has-background has-global-padding is-layout-constrained wp-container-core-group-is-layout-669513ed wp-block-group-is-layout-constrained\" style=\"margin-top:0;margin-bottom:0;padding-top:var(--wp--preset--spacing--50);padding-right:var(--wp--preset--spacing--50);padding-bottom:var(--wp--preset--spacing--50);padding-left:var(--wp--preset--spacing--50)\">\n<div class=\"wp-block-columns alignwide is-layout-flex wp-container-core-columns-is-layout-1da03c2a wp-block-columns-is-layout-flex\">\n<div class=\"wp-block-column is-vertically-aligned-stretch is-layout-flow wp-block-column-is-layout-flow\" style=\"flex-basis:50%\">\n<div class=\"wp-block-group is-vertical is-content-justification-stretch is-layout-flex wp-container-core-group-is-layout-444d5ee8 wp-block-group-is-layout-flex\" style=\"min-height:100%\">\n<h2 class=\"wp-block-heading\"><strong>BE ENERGY CONNECT<\/strong><\/h2>\n\n\n\n<p class=\"has-large-font-size\" style=\"line-height:1.2\">100% de l\u2019activit\u00e9 est sans sous-traitance, tout est fait et pris en main par nos soins. <\/p>\n\n\n\n<p class=\"has-large-font-size\" style=\"line-height:1.2\">Pour ce projet nous nous sommes affili\u00e9s avec DAZE et V2C et nous nous engageons \u00e0 vous offrir le meilleur du march\u00e9 actuel en constante \u00e9volution : le dernier cri au meilleur prix !<\/p>\n\n\n\n<div class=\"wp-block-group has-global-padding is-content-justification-left is-layout-constrained wp-container-core-group-is-layout-9fe8ed88 wp-block-group-is-layout-constrained\"><\/div>\n<\/div>\n<\/div>\n\n\n\n<div class=\"wp-block-column is-vertically-aligned-center is-layout-flow wp-block-column-is-layout-flow\" style=\"flex-basis:50%\">\n<figure class=\"wp-block-image size-full is-style-rounded wp-duotone-unset-2 is-style-rounded--1\"><img loading=\"lazy\" decoding=\"async\" width=\"983\" height=\"688\" src=\"https:\/\/beenergyconnect.fr\/wp-content\/uploads\/2025\/02\/home_beconnect.jpg\" alt=\"\" class=\"wp-image-143\" srcset=\"https:\/\/beenergyconnect.fr\/wp-content\/uploads\/2025\/02\/home_beconnect.jpg 983w, https:\/\/beenergyconnect.fr\/wp-content\/uploads\/2025\/02\/home_beconnect-300x210.jpg 300w, https:\/\/beenergyconnect.fr\/wp-content\/uploads\/2025\/02\/home_beconnect-768x538.jpg 768w\" sizes=\"auto, (max-width: 983px) 100vw, 983px\" \/><\/figure>\n<\/div>\n<\/div>\n<\/div>\n\n\n\n<div class=\"wp-block-media-text is-stacked-on-mobile\" style=\"grid-template-columns:61% auto\"><figure class=\"wp-block-media-text__media\"><img loading=\"lazy\" decoding=\"async\" width=\"768\" height=\"1024\" src=\"https:\/\/beenergyconnect.fr\/wp-content\/uploads\/2025\/02\/20250205_120508353_iOS-768x1024.jpg\" alt=\"\" class=\"wp-image-204 size-full\" srcset=\"https:\/\/beenergyconnect.fr\/wp-content\/uploads\/2025\/02\/20250205_120508353_iOS-768x1024.jpg 768w, https:\/\/beenergyconnect.fr\/wp-content\/uploads\/2025\/02\/20250205_120508353_iOS-225x300.jpg 225w, https:\/\/beenergyconnect.fr\/wp-content\/uploads\/2025\/02\/20250205_120508353_iOS-1152x1536.jpg 1152w, https:\/\/beenergyconnect.fr\/wp-content\/uploads\/2025\/02\/20250205_120508353_iOS-1536x2048.jpg 1536w, https:\/\/beenergyconnect.fr\/wp-content\/uploads\/2025\/02\/20250205_120508353_iOS-scaled.jpg 1920w\" sizes=\"auto, (max-width: 768px) 100vw, 768px\" \/><\/figure><div class=\"wp-block-media-text__content\">\n<p>Nous r\u00e9alisons des installations sur-mesures pour satisfaire au mieux vos besoins du quotidien.<\/p>\n\n\n\n<p><em>Pose de borne sur pied en fer forg\u00e9 enti\u00e8rement r\u00e9alis\u00e9 \u00e0 la main<\/em> dans notre atelier.<\/p>\n\n\n\n<p><\/p>\n\n\n\n<p><\/p>\n\n\n\n<p><\/p>\n<\/div><\/div>\n\n\n\n<figure class=\"wp-block-gallery has-nested-images columns-default is-cropped wp-block-gallery-5 is-layout-flex wp-block-gallery-is-layout-flex\">\n<figure class=\"wp-block-image size-large wp-duotone-unset-3\"><img loading=\"lazy\" decoding=\"async\" width=\"721\" height=\"1024\" data-id=\"297\" src=\"https:\/\/beenergyconnect.fr\/wp-content\/uploads\/2025\/05\/flyer_page-0001-721x1024.jpg\" alt=\"\" class=\"wp-image-297\" srcset=\"https:\/\/beenergyconnect.fr\/wp-content\/uploads\/2025\/05\/flyer_page-0001-721x1024.jpg 721w, https:\/\/beenergyconnect.fr\/wp-content\/uploads\/2025\/05\/flyer_page-0001-211x300.jpg 211w, https:\/\/beenergyconnect.fr\/wp-content\/uploads\/2025\/05\/flyer_page-0001-768x1090.jpg 768w, https:\/\/beenergyconnect.fr\/wp-content\/uploads\/2025\/05\/flyer_page-0001.jpg 874w\" sizes=\"auto, (max-width: 721px) 100vw, 721px\" \/><\/figure>\n\n\n\n<figure class=\"wp-block-image size-large wp-duotone-unset-4\"><img loading=\"lazy\" decoding=\"async\" width=\"721\" height=\"1024\" data-id=\"298\" src=\"https:\/\/beenergyconnect.fr\/wp-content\/uploads\/2025\/05\/flyer_page-0002-721x1024.jpg\" alt=\"\" class=\"wp-image-298\" srcset=\"https:\/\/beenergyconnect.fr\/wp-content\/uploads\/2025\/05\/flyer_page-0002-721x1024.jpg 721w, https:\/\/beenergyconnect.fr\/wp-content\/uploads\/2025\/05\/flyer_page-0002-211x300.jpg 211w, https:\/\/beenergyconnect.fr\/wp-content\/uploads\/2025\/05\/flyer_page-0002-768x1090.jpg 768w, https:\/\/beenergyconnect.fr\/wp-content\/uploads\/2025\/05\/flyer_page-0002.jpg 874w\" sizes=\"auto, (max-width: 721px) 100vw, 721px\" \/><\/figure>\n<\/figure>\n","protected":false},"excerpt":{"rendered":"<p>BE ENERGY CONNECT 100% de l\u2019activit\u00e9 est sans sous-traitance, tout est fait et pris en main par nos soins. Pour ce projet nous nous sommes affili\u00e9s avec DAZE et V2C et nous nous engageons \u00e0 vous offrir le meilleur du march\u00e9 actuel en constante \u00e9volution : le dernier cri au meilleur prix ! Nous r\u00e9alisons [&hellip;]<\/p>\n","protected":false},"author":2,"featured_media":139,"parent":0,"menu_order":0,"comment_status":"closed","ping_status":"closed","template":"","meta":{"footnotes":""},"class_list":["post-15","page","type-page","status-publish","has-post-thumbnail","hentry"],"_links":{"self":[{"href":"https:\/\/beenergyconnect.fr\/index.php\/wp-json\/wp\/v2\/pages\/15","targetHints":{"allow":["GET"]}}],"collection":[{"href":"https:\/\/beenergyconnect.fr\/index.php\/wp-json\/wp\/v2\/pages"}],"about":[{"href":"https:\/\/beenergyconnect.fr\/index.php\/wp-json\/wp\/v2\/types\/page"}],"author":[{"embeddable":true,"href":"https:\/\/beenergyconnect.fr\/index.php\/wp-json\/wp\/v2\/users\/2"}],"replies":[{"embeddable":true,"href":"https:\/\/beenergyconnect.fr\/index.php\/wp-json\/wp\/v2\/comments?post=15"}],"version-history":[{"count":10,"href":"https:\/\/beenergyconnect.fr\/index.php\/wp-json\/wp\/v2\/pages\/15\/revisions"}],"predecessor-version":[{"id":299,"href":"https:\/\/beenergyconnect.fr\/index.php\/wp-json\/wp\/v2\/pages\/15\/revisions\/299"}],"wp:featuredmedia":[{"embeddable":true,"href":"https:\/\/beenergyconnect.fr\/index.php\/wp-json\/wp\/v2\/media\/139"}],"wp:attachment":[{"href":"https:\/\/beenergyconnect.fr\/index.php\/wp-json\/wp\/v2\/media?parent=15"}],"curies":[{"name":"wp","href":"https:\/\/api.w.org\/{rel}","templated":true}]}}