{"id":123,"date":"2025-02-12T14:57:18","date_gmt":"2025-02-12T13:57:18","guid":{"rendered":"https:\/\/beenergyconnect.fr\/?page_id=123"},"modified":"2025-04-28T11:36:35","modified_gmt":"2025-04-28T09:36:35","slug":"partenaires","status":"publish","type":"page","link":"https:\/\/beenergyconnect.fr\/index.php\/partenaires\/","title":{"rendered":"Nos partenaires"},"content":{"rendered":"\n<figure class=\"wp-block-gallery has-nested-images columns-default is-cropped wp-block-gallery-3 is-layout-flex wp-block-gallery-is-layout-flex\">\n<figure class=\"wp-block-image size-full wp-duotone-unset-1\" id=\"https:\/\/daze.eu\/fr\/\"><a href=\"https:\/\/www.daze.eu\/fr-fr\/\"><img loading=\"lazy\" decoding=\"async\" width=\"500\" height=\"500\" data-id=\"168\" src=\"https:\/\/beenergyconnect.fr\/wp-content\/uploads\/2025\/02\/DAZE-LOGO-removebg-preview.png\" alt=\"\" class=\"wp-image-168\" srcset=\"https:\/\/beenergyconnect.fr\/wp-content\/uploads\/2025\/02\/DAZE-LOGO-removebg-preview.png 500w, https:\/\/beenergyconnect.fr\/wp-content\/uploads\/2025\/02\/DAZE-LOGO-removebg-preview-300x300.png 300w, https:\/\/beenergyconnect.fr\/wp-content\/uploads\/2025\/02\/DAZE-LOGO-removebg-preview-150x150.png 150w\" sizes=\"auto, (max-width: 500px) 100vw, 500px\" \/><\/a><\/figure>\n\n\n\n<figure class=\"wp-block-image size-large is-style-default wp-duotone-unset-2\" id=\"https:\/\/be-energy.net\/\" style=\"margin-top:var(--wp--preset--spacing--50);margin-bottom:var(--wp--preset--spacing--50)\"><a href=\"https:\/\/be-energy.net\/\"><img loading=\"lazy\" decoding=\"async\" width=\"486\" height=\"207\" data-id=\"167\" src=\"https:\/\/beenergyconnect.fr\/wp-content\/uploads\/2025\/02\/logo-be-energy.png\" alt=\"\" class=\"wp-image-167\" srcset=\"https:\/\/beenergyconnect.fr\/wp-content\/uploads\/2025\/02\/logo-be-energy.png 486w, https:\/\/beenergyconnect.fr\/wp-content\/uploads\/2025\/02\/logo-be-energy-300x128.png 300w\" sizes=\"auto, (max-width: 486px) 100vw, 486px\" \/><\/a><\/figure>\n<\/figure>\n\n\n\n<div class=\"wp-block-media-text is-stacked-on-mobile\"><figure class=\"wp-block-media-text__media\"><a href=\"https:\/\/v2charge.com\/\"><img loading=\"lazy\" decoding=\"async\" width=\"204\" height=\"192\" src=\"https:\/\/beenergyconnect.fr\/wp-content\/uploads\/2025\/02\/Sans-titre.png\" alt=\"\" class=\"wp-image-218 size-full\"\/><\/a><\/figure><div class=\"wp-block-media-text__content\">\n<p><\/p>\n\n\n\n<figure class=\"wp-block-gallery has-nested-images columns-default is-cropped wp-block-gallery-5 is-layout-flex wp-block-gallery-is-layout-flex\">\n<figure class=\"wp-block-image size-large wp-duotone-unset-4\"><a href=\"https:\/\/www.zeplug.com\/\"><img loading=\"lazy\" decoding=\"async\" width=\"225\" height=\"225\" data-id=\"251\" src=\"https:\/\/beenergyconnect.fr\/wp-content\/uploads\/2025\/02\/Logo-ZE-PLUG.png\" alt=\"\" class=\"wp-image-251\" srcset=\"https:\/\/beenergyconnect.fr\/wp-content\/uploads\/2025\/02\/Logo-ZE-PLUG.png 225w, https:\/\/beenergyconnect.fr\/wp-content\/uploads\/2025\/02\/Logo-ZE-PLUG-150x150.png 150w\" sizes=\"auto, (max-width: 225px) 100vw, 225px\" \/><\/a><\/figure>\n<\/figure>\n<\/div><\/div>\n\n\n\n<p>                    Vous aussi vous d\u00e9sirez \u00eatre partenaire?<\/p>\n\n\n\n<p>Passez le pas, n&rsquo;h\u00e9sitez plus !!!<\/p>\n\n\n\n<p><\/p>\n","protected":false},"excerpt":{"rendered":"<p>Vous aussi vous d\u00e9sirez \u00eatre partenaire? Passez le pas, n&rsquo;h\u00e9sitez plus !!!<\/p>\n","protected":false},"author":2,"featured_media":0,"parent":0,"menu_order":0,"comment_status":"closed","ping_status":"closed","template":"","meta":{"footnotes":""},"class_list":["post-123","page","type-page","status-publish","hentry"],"_links":{"self":[{"href":"https:\/\/beenergyconnect.fr\/index.php\/wp-json\/wp\/v2\/pages\/123","targetHints":{"allow":["GET"]}}],"collection":[{"href":"https:\/\/beenergyconnect.fr\/index.php\/wp-json\/wp\/v2\/pages"}],"about":[{"href":"https:\/\/beenergyconnect.fr\/index.php\/wp-json\/wp\/v2\/types\/page"}],"author":[{"embeddable":true,"href":"https:\/\/beenergyconnect.fr\/index.php\/wp-json\/wp\/v2\/users\/2"}],"replies":[{"embeddable":true,"href":"https:\/\/beenergyconnect.fr\/index.php\/wp-json\/wp\/v2\/comments?post=123"}],"version-history":[{"count":7,"href":"https:\/\/beenergyconnect.fr\/index.php\/wp-json\/wp\/v2\/pages\/123\/revisions"}],"predecessor-version":[{"id":294,"href":"https:\/\/beenergyconnect.fr\/index.php\/wp-json\/wp\/v2\/pages\/123\/revisions\/294"}],"wp:attachment":[{"href":"https:\/\/beenergyconnect.fr\/index.php\/wp-json\/wp\/v2\/media?parent=123"}],"curies":[{"name":"wp","href":"https:\/\/api.w.org\/{rel}","templated":true}]}}